{"id":26893,"date":"2022-09-27T13:14:16","date_gmt":"2022-09-27T11:14:16","guid":{"rendered":"https:\/\/innovative-composites.lv\/?post_type=product&#038;p=26893"},"modified":"2024-08-28T13:23:59","modified_gmt":"2024-08-28T11:23:59","slug":"easy3dflex","status":"publish","type":"product","link":"https:\/\/innovative-composites.lv\/ru\/veikals\/easy3dflex\/","title":{"rendered":"Easy3DFlex"},"content":{"rendered":"<p>Easy3DFlex \u0441\u043c\u0435\u0448\u0438\u0432\u0430\u0435\u0442\u0441\u044f \u0441 \u0443\u043d\u0438\u0432\u0435\u0440\u0441\u0430\u043b\u044c\u043d\u043e\u0439 \u0441\u0440\u0435\u0434\u043e\u0439 Powertex \u0434\u043b\u044f \u0441\u043e\u0437\u0434\u0430\u043d\u0438\u044f \u0442\u0435\u043a\u0441\u0442\u0443\u0440\u043d\u043e\u0439 \u043e\u0441\u043d\u043e\u0432\u044b \u0438\u043b\u0438 \u0433\u043b\u0438\u043d\u044b, \u043a\u043e\u0442\u043e\u0440\u0430\u044f \u0442\u0440\u0435\u0441\u043a\u0430\u0435\u0442\u0441\u044f \u043f\u0440\u0438 \u0432\u044b\u0441\u044b\u0445\u0430\u043d\u0438\u0438. Easy 3Dflex \u2014 \u044d\u0442\u043e \u043d\u0435\u043e\u0440\u0433\u0430\u043d\u0438\u0447\u0435\u0441\u043a\u0438\u0439 \u043d\u0430\u043f\u043e\u043b\u043d\u0438\u0442\u0435\u043b\u044c \u0432 \u0432\u0438\u0434\u0435 \u043f\u043e\u0440\u043e\u0448\u043a\u0430. \u0421\u043c\u0435\u0448\u0438\u0432\u0430\u044f \u0441 Powertex \u0438\u043b\u0438 \u0430\u043a\u0440\u0438\u043b\u043e\u0432\u044b\u043c\u0438 \u043a\u0440\u0430\u0441\u043a\u0430\u043c\u0438, \u0432\u044b \u043c\u043e\u0436\u0435\u0442\u0435 \u0441\u043e\u0437\u0434\u0430\u0432\u0430\u0442\u044c \u0442\u043e\u043b\u0441\u0442\u044b\u0435 \u0438 \u0433\u0440\u0443\u0431\u044b\u0435 \u0442\u0435\u043a\u0441\u0442\u0443\u0440\u044b \u0438 \u0434\u0430\u0436\u0435 \u0434\u043e\u0431\u0438\u0432\u0430\u0442\u044c\u0441\u044f 3D-\u044d\u0444\u0444\u0435\u043a\u0442\u043e\u0432 \u0432 \u043a\u0430\u0440\u0442\u0438\u043d\u0430\u0445 \u0438 \u0441\u043a\u0443\u043b\u044c\u043f\u0442\u0443\u0440\u0430\u0445. \u041d\u0430\u043d\u043e\u0441\u0438\u0442\u044c \u0448\u043f\u0430\u0442\u0435\u043b\u0435\u043c.<\/p>\n","protected":false},"excerpt":{"rendered":"<p>Easy 3D Flex \u043f\u0440\u0435\u0434\u0441\u0442\u0430\u0432\u043b\u044f\u0435\u0442 \u0441\u043e\u0431\u043e\u0439 \u043e\u0440\u0433\u0430\u043d\u0438\u0447\u0435\u0441\u043a\u0438\u0439 \u043f\u043e\u0440\u043e\u0448\u043e\u043a, \u0441\u043c\u0435\u0448\u0438\u0432\u0430\u043d\u0438\u0435 \u043f\u043e\u0440\u043e\u0448\u043a\u0430 \u0441 Powertex \u0441\u043e\u0437\u0434\u0430\u0435\u0442 \u043c\u0430\u0441\u0441\u0443, \u043f\u043e\u0445\u043e\u0436\u0443\u044e \u043d\u0430 \u0433\u043b\u0438\u043d\u0443, \u043a\u043e\u0442\u043e\u0440\u0443\u044e \u043c\u043e\u0436\u043d\u043e \u0438\u0441\u043f\u043e\u043b\u044c\u0437\u043e\u0432\u0430\u0442\u044c \u0434\u043b\u044f \u0441\u043e\u0437\u0434\u0430\u043d\u0438\u044f \u0448\u0442\u0430\u043c\u043f\u043e\u0432, \u0442\u0440\u0430\u0444\u0430\u0440\u0435\u0442\u043e\u0432, \u0442\u0435\u043a\u0441\u0442\u0443\u0440, \u043e\u0440\u043d\u0430\u043c\u0435\u043d\u0442\u043e\u0432 \u0438 \u0442. \u0434.<\/p>\n","protected":false},"featured_media":26901,"comment_status":"open","ping_status":"closed","template":"","meta":[],"product_brand":[],"product_cat":[173],"product_tag":[757,747],"class_list":{"0":"post-26893","1":"product","2":"type-product","3":"status-publish","4":"has-post-thumbnail","6":"product_cat-powertex-ru-2","7":"product_tag-easy3dflex-ru","8":"product_tag-powertex-ru","9":"product_shipping_class-lidz-500-g-ru","11":"first","12":"instock","13":"taxable","14":"shipping-taxable","15":"purchasable","16":"product-type-variable","17":"has-default-attributes"},"yoast_head":"<!-- This site is optimized with the Yoast SEO plugin v27.4 - https:\/\/yoast.com\/product\/yoast-seo-wordpress\/ -->\n<title>Easy3DFlex - Innovative Composites<\/title>\n<meta name=\"robots\" content=\"index, follow, max-snippet:-1, max-image-preview:large, max-video-preview:-1\" \/>\n<link rel=\"canonical\" href=\"https:\/\/innovative-composites.lv\/ru\/veikals\/easy3dflex\/\" \/>\n<meta property=\"og:locale\" content=\"ru_RU\" \/>\n<meta property=\"og:type\" content=\"article\" \/>\n<meta property=\"og:title\" content=\"Easy3DFlex - Innovative Composites\" \/>\n<meta property=\"og:description\" content=\"Easy 3D Flex \u043f\u0440\u0435\u0434\u0441\u0442\u0430\u0432\u043b\u044f\u0435\u0442 \u0441\u043e\u0431\u043e\u0439 \u043e\u0440\u0433\u0430\u043d\u0438\u0447\u0435\u0441\u043a\u0438\u0439 \u043f\u043e\u0440\u043e\u0448\u043e\u043a, \u0441\u043c\u0435\u0448\u0438\u0432\u0430\u043d\u0438\u0435 \u043f\u043e\u0440\u043e\u0448\u043a\u0430 \u0441 Powertex \u0441\u043e\u0437\u0434\u0430\u0435\u0442 \u043c\u0430\u0441\u0441\u0443, \u043f\u043e\u0445\u043e\u0436\u0443\u044e \u043d\u0430 \u0433\u043b\u0438\u043d\u0443, \u043a\u043e\u0442\u043e\u0440\u0443\u044e \u043c\u043e\u0436\u043d\u043e \u0438\u0441\u043f\u043e\u043b\u044c\u0437\u043e\u0432\u0430\u0442\u044c \u0434\u043b\u044f \u0441\u043e\u0437\u0434\u0430\u043d\u0438\u044f \u0448\u0442\u0430\u043c\u043f\u043e\u0432, \u0442\u0440\u0430\u0444\u0430\u0440\u0435\u0442\u043e\u0432, \u0442\u0435\u043a\u0441\u0442\u0443\u0440, \u043e\u0440\u043d\u0430\u043c\u0435\u043d\u0442\u043e\u0432 \u0438 \u0442. \u0434.\" \/>\n<meta property=\"og:url\" content=\"https:\/\/innovative-composites.lv\/ru\/veikals\/easy3dflex\/\" \/>\n<meta property=\"og:site_name\" content=\"Innovative Composites\" \/>\n<meta property=\"article:publisher\" content=\"https:\/\/www.facebook.com\/icomposites\/\" \/>\n<meta property=\"article:modified_time\" content=\"2024-08-28T11:23:59+00:00\" \/>\n<meta property=\"og:image\" content=\"https:\/\/innovative-composites.lv\/wp-content\/uploads\/2022\/09\/1-kg-Easy3Dflex-jaunais.jpg\" \/>\n\t<meta property=\"og:image:width\" content=\"800\" \/>\n\t<meta property=\"og:image:height\" content=\"800\" \/>\n\t<meta property=\"og:image:type\" content=\"image\/jpeg\" \/>\n<meta name=\"twitter:card\" content=\"summary_large_image\" \/>\n<script type=\"application\/ld+json\" class=\"yoast-schema-graph\">{\"@context\":\"https:\\\/\\\/schema.org\",\"@graph\":[{\"@type\":\"WebPage\",\"@id\":\"https:\\\/\\\/innovative-composites.lv\\\/ru\\\/veikals\\\/easy3dflex\\\/\",\"url\":\"https:\\\/\\\/innovative-composites.lv\\\/ru\\\/veikals\\\/easy3dflex\\\/\",\"name\":\"Easy3DFlex - Innovative Composites\",\"isPartOf\":{\"@id\":\"https:\\\/\\\/innovative-composites.lv\\\/ru\\\/#website\"},\"primaryImageOfPage\":{\"@id\":\"https:\\\/\\\/innovative-composites.lv\\\/ru\\\/veikals\\\/easy3dflex\\\/#primaryimage\"},\"image\":{\"@id\":\"https:\\\/\\\/innovative-composites.lv\\\/ru\\\/veikals\\\/easy3dflex\\\/#primaryimage\"},\"thumbnailUrl\":\"https:\\\/\\\/innovative-composites.lv\\\/wp-content\\\/uploads\\\/2022\\\/09\\\/1-kg-Easy3Dflex-jaunais.jpg\",\"datePublished\":\"2022-09-27T11:14:16+00:00\",\"dateModified\":\"2024-08-28T11:23:59+00:00\",\"breadcrumb\":{\"@id\":\"https:\\\/\\\/innovative-composites.lv\\\/ru\\\/veikals\\\/easy3dflex\\\/#breadcrumb\"},\"inLanguage\":\"ru-RU\",\"potentialAction\":[{\"@type\":\"ReadAction\",\"target\":[\"https:\\\/\\\/innovative-composites.lv\\\/ru\\\/veikals\\\/easy3dflex\\\/\"]}]},{\"@type\":\"ImageObject\",\"inLanguage\":\"ru-RU\",\"@id\":\"https:\\\/\\\/innovative-composites.lv\\\/ru\\\/veikals\\\/easy3dflex\\\/#primaryimage\",\"url\":\"https:\\\/\\\/innovative-composites.lv\\\/wp-content\\\/uploads\\\/2022\\\/09\\\/1-kg-Easy3Dflex-jaunais.jpg\",\"contentUrl\":\"https:\\\/\\\/innovative-composites.lv\\\/wp-content\\\/uploads\\\/2022\\\/09\\\/1-kg-Easy3Dflex-jaunais.jpg\",\"width\":800,\"height\":800},{\"@type\":\"BreadcrumbList\",\"@id\":\"https:\\\/\\\/innovative-composites.lv\\\/ru\\\/veikals\\\/easy3dflex\\\/#breadcrumb\",\"itemListElement\":[{\"@type\":\"ListItem\",\"position\":1,\"name\":\"\u0413\u043b\u0430\u0432\u043d\u0430\u044f\",\"item\":\"https:\\\/\\\/innovative-composites.lv\\\/ru\\\/\"},{\"@type\":\"ListItem\",\"position\":2,\"name\":\"\u041c\u0430\u0433\u0430\u0437\u0438\u043d\",\"item\":\"https:\\\/\\\/innovative-composites.lv\\\/ru\\\/\"},{\"@type\":\"ListItem\",\"position\":3,\"name\":\"Easy3DFlex\"}]},{\"@type\":\"WebSite\",\"@id\":\"https:\\\/\\\/innovative-composites.lv\\\/ru\\\/#website\",\"url\":\"https:\\\/\\\/innovative-composites.lv\\\/ru\\\/\",\"name\":\"Innovative Composites\",\"description\":\"Materi\u0101li rado\u0161u cilv\u0113ku izt\u0113les br\u012bv\u012bbai.\",\"potentialAction\":[{\"@type\":\"SearchAction\",\"target\":{\"@type\":\"EntryPoint\",\"urlTemplate\":\"https:\\\/\\\/innovative-composites.lv\\\/ru\\\/?s={search_term_string}\"},\"query-input\":{\"@type\":\"PropertyValueSpecification\",\"valueRequired\":true,\"valueName\":\"search_term_string\"}}],\"inLanguage\":\"ru-RU\"}]}<\/script>\n<!-- \/ Yoast SEO plugin. -->","yoast_head_json":{"title":"Easy3DFlex - Innovative Composites","robots":{"index":"index","follow":"follow","max-snippet":"max-snippet:-1","max-image-preview":"max-image-preview:large","max-video-preview":"max-video-preview:-1"},"canonical":"https:\/\/innovative-composites.lv\/ru\/veikals\/easy3dflex\/","og_locale":"ru_RU","og_type":"article","og_title":"Easy3DFlex - Innovative Composites","og_description":"Easy 3D Flex \u043f\u0440\u0435\u0434\u0441\u0442\u0430\u0432\u043b\u044f\u0435\u0442 \u0441\u043e\u0431\u043e\u0439 \u043e\u0440\u0433\u0430\u043d\u0438\u0447\u0435\u0441\u043a\u0438\u0439 \u043f\u043e\u0440\u043e\u0448\u043e\u043a, \u0441\u043c\u0435\u0448\u0438\u0432\u0430\u043d\u0438\u0435 \u043f\u043e\u0440\u043e\u0448\u043a\u0430 \u0441 Powertex \u0441\u043e\u0437\u0434\u0430\u0435\u0442 \u043c\u0430\u0441\u0441\u0443, \u043f\u043e\u0445\u043e\u0436\u0443\u044e \u043d\u0430 \u0433\u043b\u0438\u043d\u0443, \u043a\u043e\u0442\u043e\u0440\u0443\u044e \u043c\u043e\u0436\u043d\u043e \u0438\u0441\u043f\u043e\u043b\u044c\u0437\u043e\u0432\u0430\u0442\u044c \u0434\u043b\u044f \u0441\u043e\u0437\u0434\u0430\u043d\u0438\u044f \u0448\u0442\u0430\u043c\u043f\u043e\u0432, \u0442\u0440\u0430\u0444\u0430\u0440\u0435\u0442\u043e\u0432, \u0442\u0435\u043a\u0441\u0442\u0443\u0440, \u043e\u0440\u043d\u0430\u043c\u0435\u043d\u0442\u043e\u0432 \u0438 \u0442. \u0434.","og_url":"https:\/\/innovative-composites.lv\/ru\/veikals\/easy3dflex\/","og_site_name":"Innovative Composites","article_publisher":"https:\/\/www.facebook.com\/icomposites\/","article_modified_time":"2024-08-28T11:23:59+00:00","og_image":[{"width":800,"height":800,"url":"https:\/\/innovative-composites.lv\/wp-content\/uploads\/2022\/09\/1-kg-Easy3Dflex-jaunais.jpg","type":"image\/jpeg"}],"twitter_card":"summary_large_image","schema":{"@context":"https:\/\/schema.org","@graph":[{"@type":"WebPage","@id":"https:\/\/innovative-composites.lv\/ru\/veikals\/easy3dflex\/","url":"https:\/\/innovative-composites.lv\/ru\/veikals\/easy3dflex\/","name":"Easy3DFlex - Innovative Composites","isPartOf":{"@id":"https:\/\/innovative-composites.lv\/ru\/#website"},"primaryImageOfPage":{"@id":"https:\/\/innovative-composites.lv\/ru\/veikals\/easy3dflex\/#primaryimage"},"image":{"@id":"https:\/\/innovative-composites.lv\/ru\/veikals\/easy3dflex\/#primaryimage"},"thumbnailUrl":"https:\/\/innovative-composites.lv\/wp-content\/uploads\/2022\/09\/1-kg-Easy3Dflex-jaunais.jpg","datePublished":"2022-09-27T11:14:16+00:00","dateModified":"2024-08-28T11:23:59+00:00","breadcrumb":{"@id":"https:\/\/innovative-composites.lv\/ru\/veikals\/easy3dflex\/#breadcrumb"},"inLanguage":"ru-RU","potentialAction":[{"@type":"ReadAction","target":["https:\/\/innovative-composites.lv\/ru\/veikals\/easy3dflex\/"]}]},{"@type":"ImageObject","inLanguage":"ru-RU","@id":"https:\/\/innovative-composites.lv\/ru\/veikals\/easy3dflex\/#primaryimage","url":"https:\/\/innovative-composites.lv\/wp-content\/uploads\/2022\/09\/1-kg-Easy3Dflex-jaunais.jpg","contentUrl":"https:\/\/innovative-composites.lv\/wp-content\/uploads\/2022\/09\/1-kg-Easy3Dflex-jaunais.jpg","width":800,"height":800},{"@type":"BreadcrumbList","@id":"https:\/\/innovative-composites.lv\/ru\/veikals\/easy3dflex\/#breadcrumb","itemListElement":[{"@type":"ListItem","position":1,"name":"\u0413\u043b\u0430\u0432\u043d\u0430\u044f","item":"https:\/\/innovative-composites.lv\/ru\/"},{"@type":"ListItem","position":2,"name":"\u041c\u0430\u0433\u0430\u0437\u0438\u043d","item":"https:\/\/innovative-composites.lv\/ru\/"},{"@type":"ListItem","position":3,"name":"Easy3DFlex"}]},{"@type":"WebSite","@id":"https:\/\/innovative-composites.lv\/ru\/#website","url":"https:\/\/innovative-composites.lv\/ru\/","name":"Innovative Composites","description":"Materi\u0101li rado\u0161u cilv\u0113ku izt\u0113les br\u012bv\u012bbai.","potentialAction":[{"@type":"SearchAction","target":{"@type":"EntryPoint","urlTemplate":"https:\/\/innovative-composites.lv\/ru\/?s={search_term_string}"},"query-input":{"@type":"PropertyValueSpecification","valueRequired":true,"valueName":"search_term_string"}}],"inLanguage":"ru-RU"}]}},"_links":{"self":[{"href":"https:\/\/innovative-composites.lv\/ru\/wp-json\/wp\/v2\/product\/26893","targetHints":{"allow":["GET"]}}],"collection":[{"href":"https:\/\/innovative-composites.lv\/ru\/wp-json\/wp\/v2\/product"}],"about":[{"href":"https:\/\/innovative-composites.lv\/ru\/wp-json\/wp\/v2\/types\/product"}],"replies":[{"embeddable":true,"href":"https:\/\/innovative-composites.lv\/ru\/wp-json\/wp\/v2\/comments?post=26893"}],"wp:featuredmedia":[{"embeddable":true,"href":"https:\/\/innovative-composites.lv\/ru\/wp-json\/wp\/v2\/media\/26901"}],"wp:attachment":[{"href":"https:\/\/innovative-composites.lv\/ru\/wp-json\/wp\/v2\/media?parent=26893"}],"wp:term":[{"taxonomy":"product_brand","embeddable":true,"href":"https:\/\/innovative-composites.lv\/ru\/wp-json\/wp\/v2\/product_brand?post=26893"},{"taxonomy":"product_cat","embeddable":true,"href":"https:\/\/innovative-composites.lv\/ru\/wp-json\/wp\/v2\/product_cat?post=26893"},{"taxonomy":"product_tag","embeddable":true,"href":"https:\/\/innovative-composites.lv\/ru\/wp-json\/wp\/v2\/product_tag?post=26893"}],"curies":[{"name":"wp","href":"https:\/\/api.w.org\/{rel}","templated":true}]}}